{"id":101,"date":"2023-01-11T16:14:09","date_gmt":"2023-01-11T16:14:09","guid":{"rendered":"https:\/\/geo.campos.rj.gov.br\/?page_id=101"},"modified":"2025-06-16T19:31:26","modified_gmt":"2025-06-16T19:31:26","slug":"acervos","status":"publish","type":"page","link":"https:\/\/geo.campos.rj.gov.br\/index.php\/acervos\/","title":{"rendered":"Acervos"},"content":{"rendered":"\t\t<div data-elementor-type=\"wp-page\" data-elementor-id=\"101\" class=\"elementor elementor-101\" data-elementor-post-type=\"page\">\n\t\t\t\t\t\t<section data-particle_enable=\"false\" data-particle-mobile-disabled=\"false\" class=\"elementor-section elementor-top-section elementor-element elementor-element-62f99bf elementor-section-boxed elementor-section-height-default elementor-section-height-default\" data-id=\"62f99bf\" data-element_type=\"section\" data-e-type=\"section\">\n\t\t\t\t\t\t<div class=\"elementor-container elementor-column-gap-default\">\n\t\t\t\t\t<div class=\"elementor-column elementor-col-100 elementor-top-column elementor-element elementor-element-f70498c\" data-id=\"f70498c\" data-element_type=\"column\" data-e-type=\"column\">\n\t\t\t<div class=\"elementor-widget-wrap elementor-element-populated\">\n\t\t\t\t\t\t<div class=\"elementor-element elementor-element-5391298 elementor-widget elementor-widget-heading\" data-id=\"5391298\" data-element_type=\"widget\" data-e-type=\"widget\" data-widget_type=\"heading.default\">\n\t\t\t\t<div class=\"elementor-widget-container\">\n\t\t\t\t\t<h2 class=\"elementor-heading-title elementor-size-default\">Acervos<\/h2>\t\t\t\t<\/div>\n\t\t\t\t<\/div>\n\t\t\t\t<div class=\"elementor-element elementor-element-e83ca69 elementor-widget-divider--view-line elementor-widget elementor-widget-divider\" data-id=\"e83ca69\" data-element_type=\"widget\" data-e-type=\"widget\" data-widget_type=\"divider.default\">\n\t\t\t\t<div class=\"elementor-widget-container\">\n\t\t\t\t\t\t\t<div class=\"elementor-divider\">\n\t\t\t<span class=\"elementor-divider-separator\">\n\t\t\t\t\t\t<\/span>\n\t\t<\/div>\n\t\t\t\t\t\t<\/div>\n\t\t\t\t<\/div>\n\t\t\t\t\t<\/div>\n\t\t<\/div>\n\t\t\t\t\t<\/div>\n\t\t<\/section>\n\t\t\t\t<section data-particle_enable=\"false\" data-particle-mobile-disabled=\"false\" class=\"elementor-section elementor-top-section elementor-element elementor-element-e5a45d6 elementor-section-boxed elementor-section-height-default elementor-section-height-default\" data-id=\"e5a45d6\" data-element_type=\"section\" data-e-type=\"section\">\n\t\t\t\t\t\t<div class=\"elementor-container elementor-column-gap-default\">\n\t\t\t\t\t<div class=\"elementor-column elementor-col-100 elementor-top-column elementor-element elementor-element-30e4751\" data-id=\"30e4751\" data-element_type=\"column\" data-e-type=\"column\">\n\t\t\t<div class=\"elementor-widget-wrap elementor-element-populated\">\n\t\t\t\t\t\t<div class=\"elementor-element elementor-element-46fb931 elementor-widget elementor-widget-toggle\" data-id=\"46fb931\" data-element_type=\"widget\" data-e-type=\"widget\" data-widget_type=\"toggle.default\">\n\t\t\t\t<div class=\"elementor-widget-container\">\n\t\t\t\t\t\t\t<div class=\"elementor-toggle\">\n\t\t\t\t\t\t\t<div class=\"elementor-toggle-item\">\n\t\t\t\t\t<div id=\"elementor-tab-title-7441\" class=\"elementor-tab-title\" data-tab=\"1\" role=\"button\" aria-controls=\"elementor-tab-content-7441\" aria-expanded=\"false\">\n\t\t\t\t\t\t\t\t\t\t\t\t<span class=\"elementor-toggle-icon elementor-toggle-icon-left\" aria-hidden=\"true\">\n\t\t\t\t\t\t\t\t\t\t\t\t\t\t\t<span class=\"elementor-toggle-icon-closed\"><i class=\"fas fa-caret-right\"><\/i><\/span>\n\t\t\t\t\t\t\t\t<span class=\"elementor-toggle-icon-opened\"><i class=\"elementor-toggle-icon-opened fas fa-caret-up\"><\/i><\/span>\n\t\t\t\t\t\t\t\t\t\t\t\t\t<\/span>\n\t\t\t\t\t\t\t\t\t\t\t\t<a class=\"elementor-toggle-title\" tabindex=\"0\">2023<\/a>\n\t\t\t\t\t<\/div>\n\n\t\t\t\t\t<div id=\"elementor-tab-content-7441\" class=\"elementor-tab-content elementor-clearfix\" data-tab=\"1\" role=\"region\" aria-labelledby=\"elementor-tab-title-7441\"><p>1. <a href=\"https:\/\/geo.campos.rj.gov.br\/wp-content\/uploads\/2025\/06\/3-GEO-SAUDE-PUBLICA.pdf\" target=\"_blank\" rel=\"noopener\">Geoprocessamento: usos em sa\u00fade p\u00fablica no munic\u00edpio deCampos dos Goytacazes\/RJ.<\/a><\/p><\/div>\n\t\t\t\t<\/div>\n\t\t\t\t\t\t\t<div class=\"elementor-toggle-item\">\n\t\t\t\t\t<div id=\"elementor-tab-title-7442\" class=\"elementor-tab-title\" data-tab=\"2\" role=\"button\" aria-controls=\"elementor-tab-content-7442\" aria-expanded=\"false\">\n\t\t\t\t\t\t\t\t\t\t\t\t<span class=\"elementor-toggle-icon elementor-toggle-icon-left\" aria-hidden=\"true\">\n\t\t\t\t\t\t\t\t\t\t\t\t\t\t\t<span class=\"elementor-toggle-icon-closed\"><i class=\"fas fa-caret-right\"><\/i><\/span>\n\t\t\t\t\t\t\t\t<span class=\"elementor-toggle-icon-opened\"><i class=\"elementor-toggle-icon-opened fas fa-caret-up\"><\/i><\/span>\n\t\t\t\t\t\t\t\t\t\t\t\t\t<\/span>\n\t\t\t\t\t\t\t\t\t\t\t\t<a class=\"elementor-toggle-title\" tabindex=\"0\">2020<\/a>\n\t\t\t\t\t<\/div>\n\n\t\t\t\t\t<div id=\"elementor-tab-content-7442\" class=\"elementor-tab-content elementor-clearfix\" data-tab=\"2\" role=\"region\" aria-labelledby=\"elementor-tab-title-7442\"><p><a href=\"https:\/\/geo.campos.rj.gov.br\/wp-content\/uploads\/2023\/02\/Confict_2020_Apresentacao.pdf\" target=\"_blank\" rel=\"noopener\">1. Caracteriza\u00e7\u00e3o socioecon\u00f4mica e percep\u00e7\u00e3o ambiental dos moradores da APA Lagamar Campos dos Goytacazes\/RJ: contribui\u00e7\u00f5es para o Plano de Manejo.<\/a><\/p><p><a href=\"https:\/\/geo.campos.rj.gov.br\/wp-content\/uploads\/2023\/02\/CONFICT_2020_Resumo.pdf\" target=\"_blank\" rel=\"noopener\">1.1. Caracteriza\u00e7\u00e3o socioecon\u00f4mica e percep\u00e7\u00e3o ambiental dos moradores da APA Lagamar Campos dos Goytacazes\/RJ: contribui\u00e7\u00f5es para o Plano de Manejo. Resumo.<\/a><\/p><\/div>\n\t\t\t\t<\/div>\n\t\t\t\t\t\t\t<div class=\"elementor-toggle-item\">\n\t\t\t\t\t<div id=\"elementor-tab-title-7443\" class=\"elementor-tab-title\" data-tab=\"3\" role=\"button\" aria-controls=\"elementor-tab-content-7443\" aria-expanded=\"false\">\n\t\t\t\t\t\t\t\t\t\t\t\t<span class=\"elementor-toggle-icon elementor-toggle-icon-left\" aria-hidden=\"true\">\n\t\t\t\t\t\t\t\t\t\t\t\t\t\t\t<span class=\"elementor-toggle-icon-closed\"><i class=\"fas fa-caret-right\"><\/i><\/span>\n\t\t\t\t\t\t\t\t<span class=\"elementor-toggle-icon-opened\"><i class=\"elementor-toggle-icon-opened fas fa-caret-up\"><\/i><\/span>\n\t\t\t\t\t\t\t\t\t\t\t\t\t<\/span>\n\t\t\t\t\t\t\t\t\t\t\t\t<a class=\"elementor-toggle-title\" tabindex=\"0\">2019<\/a>\n\t\t\t\t\t<\/div>\n\n\t\t\t\t\t<div id=\"elementor-tab-content-7443\" class=\"elementor-tab-content elementor-clearfix\" data-tab=\"3\" role=\"region\" aria-labelledby=\"elementor-tab-title-7443\"><p>1.\u00a0<a href=\"https:\/\/geo.campos.rj.gov.br\/wp-content\/uploads\/2023\/01\/2-banner-pracas-2.pdf\" target=\"_blank\" rel=\"noopener\">Mapeamento e avalia\u00e7\u00e3o da qualidade das pra\u00e7as p\u00fablicas de Campos dos Goytacazes-RJ.<\/a><\/p><p><a href=\"https:\/\/geo.campos.rj.gov.br\/wp-content\/uploads\/2023\/02\/Patrimonio-Cultural.pdf\" target=\"_blank\" rel=\"noopener\">2. Patrim\u00f4nio Cultural: Mapeamento dos Monumentos Hist\u00f3ricos de Campos dos Goytacazes-RJ.<\/a><\/p><p><a href=\"https:\/\/geo.campos.rj.gov.br\/wp-content\/uploads\/2023\/01\/4-2banner-perfil_bairros-1.pdf\" target=\"_blank\" rel=\"noopener\">3. Perfil dos Bairros de Campos dos Goytacazes: Geoinforma\u00e7\u00e3o na Gest\u00e3o P\u00fablica.<\/a><\/p><p><a href=\"https:\/\/geo.campos.rj.gov.br\/wp-content\/uploads\/2025\/06\/PESCARTE-Livro-4-Cap-2.pdf\" target=\"_blank\" rel=\"noopener\">4. Pesca Artesanal e Conflitos Socioambientais na Bacia de Campos &#8211; RJ.<\/a><\/p><\/div>\n\t\t\t\t<\/div>\n\t\t\t\t\t\t\t<div class=\"elementor-toggle-item\">\n\t\t\t\t\t<div id=\"elementor-tab-title-7444\" class=\"elementor-tab-title\" data-tab=\"4\" role=\"button\" aria-controls=\"elementor-tab-content-7444\" aria-expanded=\"false\">\n\t\t\t\t\t\t\t\t\t\t\t\t<span class=\"elementor-toggle-icon elementor-toggle-icon-left\" aria-hidden=\"true\">\n\t\t\t\t\t\t\t\t\t\t\t\t\t\t\t<span class=\"elementor-toggle-icon-closed\"><i class=\"fas fa-caret-right\"><\/i><\/span>\n\t\t\t\t\t\t\t\t<span class=\"elementor-toggle-icon-opened\"><i class=\"elementor-toggle-icon-opened fas fa-caret-up\"><\/i><\/span>\n\t\t\t\t\t\t\t\t\t\t\t\t\t<\/span>\n\t\t\t\t\t\t\t\t\t\t\t\t<a class=\"elementor-toggle-title\" tabindex=\"0\">2018<\/a>\n\t\t\t\t\t<\/div>\n\n\t\t\t\t\t<div id=\"elementor-tab-content-7444\" class=\"elementor-tab-content elementor-clearfix\" data-tab=\"4\" role=\"region\" aria-labelledby=\"elementor-tab-title-7444\"><p><a href=\"https:\/\/geo.campos.rj.gov.br\/wp-content\/uploads\/2023\/01\/PAPER-anais-ii-sbpa-e-xi-encogerco_2018.pdf\" target=\"_blank\" rel=\"noopener\">1. Mapeamento de Geoindicadores e Par\u00e2metros de Qualida.\u00a0 Ambiental na Orla do Farol de S\u00e3o Thom\u00e9\/Campos dos Goytacazes &#8211; RJ.<\/a><\/p><\/div>\n\t\t\t\t<\/div>\n\t\t\t\t\t\t\t<div class=\"elementor-toggle-item\">\n\t\t\t\t\t<div id=\"elementor-tab-title-7445\" class=\"elementor-tab-title\" data-tab=\"5\" role=\"button\" aria-controls=\"elementor-tab-content-7445\" aria-expanded=\"false\">\n\t\t\t\t\t\t\t\t\t\t\t\t<span class=\"elementor-toggle-icon elementor-toggle-icon-left\" aria-hidden=\"true\">\n\t\t\t\t\t\t\t\t\t\t\t\t\t\t\t<span class=\"elementor-toggle-icon-closed\"><i class=\"fas fa-caret-right\"><\/i><\/span>\n\t\t\t\t\t\t\t\t<span class=\"elementor-toggle-icon-opened\"><i class=\"elementor-toggle-icon-opened fas fa-caret-up\"><\/i><\/span>\n\t\t\t\t\t\t\t\t\t\t\t\t\t<\/span>\n\t\t\t\t\t\t\t\t\t\t\t\t<a class=\"elementor-toggle-title\" tabindex=\"0\">2017<\/a>\n\t\t\t\t\t<\/div>\n\n\t\t\t\t\t<div id=\"elementor-tab-content-7445\" class=\"elementor-tab-content elementor-clearfix\" data-tab=\"5\" role=\"region\" aria-labelledby=\"elementor-tab-title-7445\"><p>1.<a href=\"https:\/\/geo.campos.rj.gov.br\/wp-content\/uploads\/2023\/02\/Confict_2017_Lagoas.pdf\" target=\"_blank\" rel=\"noopener\">Perfil geoambiental das lagoas urbanas de Campos dos Goytacazes, RJ.<\/a><\/p><p><a href=\"https:\/\/geo.campos.rj.gov.br\/wp-content\/uploads\/2023\/02\/Confict_2017-Resuma.pdf\" target=\"_blank\" rel=\"noopener\">1.1. Perfil geoambiental das lagoas urbanas de Campos dos Goytacazes, RJ. Resumo.<\/a><\/p><\/div>\n\t\t\t\t<\/div>\n\t\t\t\t\t\t\t<div class=\"elementor-toggle-item\">\n\t\t\t\t\t<div id=\"elementor-tab-title-7446\" class=\"elementor-tab-title\" data-tab=\"6\" role=\"button\" aria-controls=\"elementor-tab-content-7446\" aria-expanded=\"false\">\n\t\t\t\t\t\t\t\t\t\t\t\t<span class=\"elementor-toggle-icon elementor-toggle-icon-left\" aria-hidden=\"true\">\n\t\t\t\t\t\t\t\t\t\t\t\t\t\t\t<span class=\"elementor-toggle-icon-closed\"><i class=\"fas fa-caret-right\"><\/i><\/span>\n\t\t\t\t\t\t\t\t<span class=\"elementor-toggle-icon-opened\"><i class=\"elementor-toggle-icon-opened fas fa-caret-up\"><\/i><\/span>\n\t\t\t\t\t\t\t\t\t\t\t\t\t<\/span>\n\t\t\t\t\t\t\t\t\t\t\t\t<a class=\"elementor-toggle-title\" tabindex=\"0\">2016<\/a>\n\t\t\t\t\t<\/div>\n\n\t\t\t\t\t<div id=\"elementor-tab-content-7446\" class=\"elementor-tab-content elementor-clearfix\" data-tab=\"6\" role=\"region\" aria-labelledby=\"elementor-tab-title-7446\"><p><a href=\"https:\/\/geo.campos.rj.gov.br\/wp-content\/uploads\/2025\/06\/Mapa-das-Lagoas-e-Canais-da-Regiao-Norte-Fluminense-versao-2016-2.pdf\" target=\"_blank\" rel=\"noopener\">Mapa das Lagoas e Canais da Regi\u00e3o Norte Fluminense.<\/a><\/p><\/div>\n\t\t\t\t<\/div>\n\t\t\t\t\t\t\t<div class=\"elementor-toggle-item\">\n\t\t\t\t\t<div id=\"elementor-tab-title-7447\" class=\"elementor-tab-title\" data-tab=\"7\" role=\"button\" aria-controls=\"elementor-tab-content-7447\" aria-expanded=\"false\">\n\t\t\t\t\t\t\t\t\t\t\t\t<span class=\"elementor-toggle-icon elementor-toggle-icon-left\" aria-hidden=\"true\">\n\t\t\t\t\t\t\t\t\t\t\t\t\t\t\t<span class=\"elementor-toggle-icon-closed\"><i class=\"fas fa-caret-right\"><\/i><\/span>\n\t\t\t\t\t\t\t\t<span class=\"elementor-toggle-icon-opened\"><i class=\"elementor-toggle-icon-opened fas fa-caret-up\"><\/i><\/span>\n\t\t\t\t\t\t\t\t\t\t\t\t\t<\/span>\n\t\t\t\t\t\t\t\t\t\t\t\t<a class=\"elementor-toggle-title\" tabindex=\"0\">2015<\/a>\n\t\t\t\t\t<\/div>\n\n\t\t\t\t\t<div id=\"elementor-tab-content-7447\" class=\"elementor-tab-content elementor-clearfix\" data-tab=\"7\" role=\"region\" aria-labelledby=\"elementor-tab-title-7447\"><p><a href=\"https:\/\/geo.campos.rj.gov.br\/wp-content\/uploads\/2025\/06\/Anuario-Estatistico.pdf\" target=\"_blank\" rel=\"noopener\">Anu\u00e1rio estat\u00edstico Campos dos Goytacazes\/RJ.<\/a><\/p><\/div>\n\t\t\t\t<\/div>\n\t\t\t\t\t\t\t\t<\/div>\n\t\t\t\t\t\t<\/div>\n\t\t\t\t<\/div>\n\t\t\t\t\t<\/div>\n\t\t<\/div>\n\t\t\t\t\t<\/div>\n\t\t<\/section>\n\t\t\t\t<\/div>\n\t\t","protected":false},"excerpt":{"rendered":"<p>Acervos 2023 1. Geoprocessamento: usos em sa\u00fade p\u00fablica no munic\u00edpio deCampos dos Goytacazes\/RJ. 2020 1. Caracteriza\u00e7\u00e3o socioecon\u00f4mica e percep\u00e7\u00e3o ambiental dos moradores da APA Lagamar Campos dos Goytacazes\/RJ: contribui\u00e7\u00f5es para o Plano de Manejo. 1.1. Caracteriza\u00e7\u00e3o socioecon\u00f4mica e percep\u00e7\u00e3o ambiental dos moradores da APA Lagamar Campos dos Goytacazes\/RJ: contribui\u00e7\u00f5es para o Plano de Manejo. Resumo. [&hellip;]<\/p>\n","protected":false},"author":2,"featured_media":0,"parent":0,"menu_order":0,"comment_status":"closed","ping_status":"closed","template":"elementor_header_footer","meta":{"footnotes":""},"class_list":["post-101","page","type-page","status-publish","hentry"],"_links":{"self":[{"href":"https:\/\/geo.campos.rj.gov.br\/index.php\/wp-json\/wp\/v2\/pages\/101","targetHints":{"allow":["GET"]}}],"collection":[{"href":"https:\/\/geo.campos.rj.gov.br\/index.php\/wp-json\/wp\/v2\/pages"}],"about":[{"href":"https:\/\/geo.campos.rj.gov.br\/index.php\/wp-json\/wp\/v2\/types\/page"}],"author":[{"embeddable":true,"href":"https:\/\/geo.campos.rj.gov.br\/index.php\/wp-json\/wp\/v2\/users\/2"}],"replies":[{"embeddable":true,"href":"https:\/\/geo.campos.rj.gov.br\/index.php\/wp-json\/wp\/v2\/comments?post=101"}],"version-history":[{"count":216,"href":"https:\/\/geo.campos.rj.gov.br\/index.php\/wp-json\/wp\/v2\/pages\/101\/revisions"}],"predecessor-version":[{"id":1298,"href":"https:\/\/geo.campos.rj.gov.br\/index.php\/wp-json\/wp\/v2\/pages\/101\/revisions\/1298"}],"wp:attachment":[{"href":"https:\/\/geo.campos.rj.gov.br\/index.php\/wp-json\/wp\/v2\/media?parent=101"}],"curies":[{"name":"wp","href":"https:\/\/api.w.org\/{rel}","templated":true}]}}